{"id":204,"date":"2020-02-05T10:39:04","date_gmt":"2020-02-05T09:39:04","guid":{"rendered":"http:\/\/xn--sktolk-wxa.nu\/?page_id=204"},"modified":"2025-01-29T10:08:56","modified_gmt":"2025-01-29T09:08:56","slug":"sok-tolk-i-stockholm","status":"publish","type":"page","link":"https:\/\/s\u00f6ktolk.nu\/","title":{"rendered":"S\u00f6k tolk i Stockholm"},"content":{"rendered":"\n<div class=\"wp-block-columns is-style-section-1 is-layout-flex wp-container-core-columns-is-layout-2 wp-block-columns-is-layout-flex is-style-section-1--1\">\n<div class=\"wp-block-column is-layout-flow wp-block-column-is-layout-flow\">\n<p><strong>Nedan f\u00f6ljer en lista \u00f6ver bolag som tillhandah\u00e5ller teckenspr\u00e5kstolkar, d\u00f6vblindtolkar, skrivtolkar, TSS-tolkar och d\u00f6va tolkar i Stockholmsomr\u00e5det.<\/strong><\/p>\n\n\n\n<div style=\"height:64px\" aria-hidden=\"true\" class=\"wp-block-spacer\"><\/div>\n\n\n\n<div class=\"wp-block-columns is-layout-flex wp-container-core-columns-is-layout-1 wp-block-columns-is-layout-flex\">\n<div class=\"wp-block-column is-layout-flow wp-block-column-is-layout-flow\">\n<div class=\"wp-block-group has-global-padding is-layout-constrained wp-block-group-is-layout-constrained\">\n<p><strong>AB Stockholmstolkarna STAB<\/strong><\/p>\n\n\n\n<p class=\"has-accent-3-color has-text-color has-link-color wp-elements-0b668d588e7ec7eb04134d8a0b7d23d0\" style=\"padding-top:0px;padding-bottom:0px;line-height:1\"><a href=\"http:\/\/www.stockholmstolkarna.se\">www.stockholmstolkarna.se<\/a><\/p>\n\n\n\n<p style=\"padding-top:0px;padding-bottom:0px;line-height:1\">info@stockholmstolkarna.se<\/p>\n\n\n\n<p style=\"line-height:1\">Tel. 08-658 39 00<\/p>\n\n\n\n<p style=\"line-height:1\">SMS: 073- 912 29 28<\/p>\n\n\n\n<p><strong>Tolkmetoder: <\/strong>Teckenspr\u00e5kstolkning, d\u00f6vblindtolkning, skrivtolkning, TSS och d\u00f6va tolkar.<\/p>\n<\/div>\n\n\n\n<div style=\"height:100px\" aria-hidden=\"true\" class=\"wp-block-spacer\"><\/div>\n\n\n\n<div class=\"wp-block-group has-global-padding is-layout-constrained wp-block-group-is-layout-constrained\">\n<p><strong>AB Tolkforall<\/strong><\/p>\n\n\n\n<p class=\"has-accent-3-color has-text-color has-link-color wp-elements-2832f66b0bcafa755e7d735775350af3\" style=\"padding-top:0px;padding-bottom:0px;line-height:1\"><a href=\"http:\/\/www.tolkforall.se\">www.tolkforall.se<\/a><\/p>\n\n\n\n<p style=\"padding-top:0px;padding-bottom:0px;line-height:1\">info@tolkforall.se<\/p>\n\n\n\n<p style=\"line-height:1\">Tel. 070- 394 00 25<\/p>\n\n\n\n<p style=\"line-height:1\">SMS\/Facetime: 070-679 00 21<\/p>\n\n\n\n<p><strong>Tolkmetoder: <\/strong>Teckenspr\u00e5kstolkning, d\u00f6vblindtolkning, TSS och d\u00f6va tolkar.<\/p>\n<\/div>\n\n\n\n<div style=\"height:100px\" aria-hidden=\"true\" class=\"wp-block-spacer\"><\/div>\n\n\n\n<div class=\"wp-block-group has-global-padding is-layout-constrained wp-block-group-is-layout-constrained\">\n<div class=\"wp-block-group has-global-padding is-layout-constrained wp-block-group-is-layout-constrained\">\n<p><strong><strong>Allsign Consulting AB<\/strong>&nbsp;<\/strong><\/p>\n\n\n\n<p class=\"has-accent-3-color has-text-color has-link-color wp-elements-bbdcc7882be0f895403f184c29ee1329\" style=\"padding-top:0px;padding-bottom:0px;line-height:1\"><a href=\"http:\/\/www.allsign.se&nbsp;\">www.allsign.se&nbsp;<\/a><\/p>\n\n\n\n<p style=\"padding-top:0px;padding-bottom:0px;line-height:1\">bokning@allsign.se<\/p>\n\n\n\n<p style=\"line-height:1\">Tel. 076- 022 10 17<\/p>\n\n\n\n<p style=\"line-height:1\">SMS: 072- 320 18 16<\/p>\n\n\n\n<p><strong>Tolkmetoder: <\/strong>Teckenspr\u00e5kstolkning, d\u00f6vblindtolkning, skrivtolkning, TSS och d\u00f6va tolkar.<\/p>\n<\/div>\n<\/div>\n\n\n\n<div style=\"height:100px\" aria-hidden=\"true\" class=\"wp-block-spacer\"><\/div>\n\n\n\n<div class=\"wp-block-group has-global-padding is-layout-constrained wp-block-group-is-layout-constrained\">\n<p><strong>aSign Tolk och konsult AB<\/strong><\/p>\n\n\n\n<p class=\"has-accent-3-color has-text-color has-link-color wp-elements-b5cab5ad5c57ccff4affdc7b89d29913\" style=\"padding-top:0px;padding-bottom:0px;line-height:1\"><a href=\"http:\/\/www.asign-ab.se\/\" target=\"_blank\" rel=\"noreferrer noopener\">www.asign-ab.se<\/a><\/p>\n\n\n\n<p style=\"padding-top:0px;padding-bottom:0px;line-height:1\">asign@asign-ab.se<\/p>\n\n\n\n<p style=\"line-height:1\">Tel\/SMS: 072- 858 34 54<\/p>\n\n\n\n<p style=\"line-height:1\"><\/p>\n\n\n\n<p><strong>Tolkmetoder: <\/strong>Teckenspr\u00e5kstolkning, d\u00f6vblindtolkning, skrivtolkning, TSS och d\u00f6va tolkar.<\/p>\n\n\n\n<div style=\"height:100px\" aria-hidden=\"true\" class=\"wp-block-spacer\"><\/div>\n<\/div>\n\n\n\n<div class=\"wp-block-group has-global-padding is-layout-constrained wp-block-group-is-layout-constrained\">\n<p><strong>Elmera Tolkservice<\/strong><\/p>\n\n\n\n<p class=\"has-accent-3-color has-text-color has-link-color wp-elements-b54d694e278967fc3373532b4af1e594\" style=\"padding-top:0px;padding-bottom:0px;line-height:1\"><a href=\"http:\/\/www.elmeratolk.se\">www.elmeratolk.se<\/a><\/p>\n\n\n\n<p style=\"padding-top:0px;padding-bottom:0px;line-height:1\">stina@elmeratolk.se<\/p>\n\n\n\n<p style=\"line-height:1\">Tel. 070-303 07 88<\/p>\n\n\n\n<p style=\"line-height:1\"><\/p>\n\n\n\n<p><strong>Tolkmetoder: <\/strong>Teckenspr\u00e5kstolkning, d\u00f6vblindtolkning, skrivtolkning, TSS och d\u00f6va tolkar.<\/p>\n<\/div>\n\n\n\n<div style=\"height:100px\" aria-hidden=\"true\" class=\"wp-block-spacer\"><\/div>\n\n\n\n<div class=\"wp-block-group has-global-padding is-layout-constrained wp-block-group-is-layout-constrained\">\n<p><strong>Hefo<\/strong><\/p>\n\n\n\n<p class=\"has-accent-3-color has-text-color has-link-color wp-elements-539ca9d5d7a0d33d94810dc9cc9ad9b9\" style=\"padding-top:0px;padding-bottom:0px;line-height:1\"><a href=\"http:\/\/www.hefo.se\">www.hefo.se<\/a><\/p>\n\n\n\n<p style=\"padding-top:0px;padding-bottom:0px;line-height:1\">info@hefo.se<\/p>\n\n\n\n<p style=\"line-height:1\"><\/p>\n\n\n\n<p style=\"line-height:1\"><\/p>\n<\/div>\n\n\n\n<div style=\"height:100px\" aria-hidden=\"true\" class=\"wp-block-spacer\"><\/div>\n\n\n\n<div class=\"wp-block-group has-global-padding is-layout-constrained wp-block-group-is-layout-constrained\">\n<p><strong>Ingvarsson Tolk AB<\/strong><\/p>\n\n\n\n<p class=\"has-accent-3-color has-text-color has-link-color wp-elements-19ec6e68358ad3bdeae748c2e692274c\" style=\"padding-top:0px;padding-bottom:0px;line-height:1\"><\/p>\n\n\n\n<p style=\"padding-top:0px;padding-bottom:0px;line-height:1\">ingvarsson.tolk@gmail.com<\/p>\n\n\n\n<p style=\"line-height:1\"><\/p>\n\n\n\n<p style=\"line-height:1\"><\/p>\n\n\n\n<p><strong>Tolkmetoder: <\/strong>Teckenspr\u00e5kstolkning och d\u00f6vblindtolkning.<\/p>\n<\/div>\n\n\n\n<div class=\"wp-block-group has-global-padding is-layout-constrained wp-block-group-is-layout-constrained\">\n<p><\/p>\n<\/div>\n\n\n\n<div class=\"wp-block-group has-global-padding is-layout-constrained wp-block-group-is-layout-constrained\">\n<div style=\"height:100px\" aria-hidden=\"true\" class=\"wp-block-spacer\"><\/div>\n\n\n\n<div class=\"wp-block-group has-global-padding is-layout-constrained wp-block-group-is-layout-constrained\">\n<p><strong>Svensk Skrivtolkning AB<\/strong><\/p>\n\n\n\n<p class=\"has-accent-3-color has-text-color has-link-color wp-elements-b45ba03448944733107a08ecb58e86f7\" style=\"padding-top:0px;padding-bottom:0px;line-height:1\"><a href=\"http:\/\/www.stockholmstolkarna.se\">www.<\/a><a href=\"https:\/\/www.skrivtolkning.se\/\">skrivtolkning.se<\/a><\/p>\n\n\n\n<p style=\"padding-top:0px;padding-bottom:0px;line-height:1\">info@skrivtolkning.se<\/p>\n\n\n\n<p style=\"line-height:1\">Tel. 08-501 18 181<\/p>\n\n\n\n<p style=\"line-height:1\"><\/p>\n\n\n\n<p><strong>Tolkmetoder:  <\/strong>skrivtolkning<\/p>\n<\/div>\n\n\n\n<div style=\"height:100px\" aria-hidden=\"true\" class=\"wp-block-spacer\"><\/div>\n\n\n\n<p><strong>Swe Tolk AB<\/strong><\/p>\n\n\n\n<p class=\"has-accent-3-color has-text-color has-link-color wp-elements-d8f1436b261db3a3128996a76e6e3e87\" style=\"padding-top:0px;padding-bottom:0px;line-height:1\"><a href=\"http:\/\/www.swetolk.se\">www.swetolk.se<\/a><\/p>\n\n\n\n<p style=\"padding-top:0px;padding-bottom:0px;line-height:1\">ylva.blomqvist@swetolk.se<\/p>\n\n\n\n<p style=\"line-height:1\"><\/p>\n\n\n\n<p style=\"line-height:1\">SMS: 070- 538 44 69<\/p>\n\n\n\n<p><strong>Tolkmetoder: <\/strong>Teckenspr\u00e5kstolkning, d\u00f6vblindtolkning, skrivtolkning och TSS. <\/p>\n<\/div>\n\n\n\n<div style=\"height:100px\" aria-hidden=\"true\" class=\"wp-block-spacer\"><\/div>\n\n\n\n<div class=\"wp-block-group has-global-padding is-layout-constrained wp-block-group-is-layout-constrained\">\n<p><strong>Tecken &amp; Tolk Sverige AB<\/strong><\/p>\n\n\n\n<p><a href=\"http:\/\/www.teckentolk.se\">www.teckentolk.se<\/a><\/p>\n\n\n\n<p>samordning@teckentolk.se<\/p>\n\n\n\n<p style=\"line-height:1\">Tel. 020-12 16 20<\/p>\n\n\n\n<p><strong>Tolkmetoder: <\/strong>Teckenspr\u00e5kstolkning och d\u00f6vblindtolkning.<\/p>\n<\/div>\n\n\n\n<div style=\"height:100px\" aria-hidden=\"true\" class=\"wp-block-spacer\"><\/div>\n\n\n\n<div class=\"wp-block-group has-global-padding is-layout-constrained wp-block-group-is-layout-constrained\">\n<p><strong>Tolkservice Profession AB<\/strong><\/p>\n\n\n\n<p class=\"has-accent-3-color has-text-color has-link-color wp-elements-e1750f27b7956c92696b9ba010eb606e\" style=\"padding-top:0px;padding-bottom:0px;line-height:1\"><a href=\"http:\/\/www.stockholmstolkarna.se\">www.tsp-ab.se<\/a><\/p>\n\n\n\n<p style=\"padding-top:0px;padding-bottom:0px;line-height:1\">info@tsp-ab.se<\/p>\n\n\n\n<p style=\"line-height:1\">Tel. 08-123 359 50<\/p>\n\n\n\n<p style=\"line-height:1\">SMS: 073- 514 63 33<\/p>\n\n\n\n<p><strong>Tolkmetoder: <\/strong>Teckenspr\u00e5kstolkning, d\u00f6vblindtolkning och skrivtolkning.<\/p>\n<\/div>\n\n\n\n<div style=\"height:100px\" aria-hidden=\"true\" class=\"wp-block-spacer\"><\/div>\n\n\n\n<div class=\"wp-block-group has-global-padding is-layout-constrained wp-block-group-is-layout-constrained\">\n<p><strong>TUFFT<\/strong><\/p>\n\n\n\n<p class=\"has-accent-3-color has-text-color has-link-color wp-elements-0b668d588e7ec7eb04134d8a0b7d23d0\" style=\"padding-top:0px;padding-bottom:0px;line-height:1\"><a href=\"http:\/\/www.stockholmstolkarna.se\">www.stockholmstolkarna.se<\/a><\/p>\n\n\n\n<p style=\"padding-top:0px;padding-bottom:0px;line-height:1\">tufftsamo@gmail.com<\/p>\n\n\n\n<p style=\"line-height:1\"><\/p>\n\n\n\n<p style=\"line-height:1\"><\/p>\n\n\n\n<p><strong>Tolkmetoder: <\/strong>Teckenspr\u00e5kstolkning och d\u00f6vblindtolkning. <\/p>\n<\/div>\n<\/div>\n<\/div>\n<\/div>\n<\/div>\n\n\n<\/p>\n<p><!-- \/wp:group --><\/p>\n<p><!-- wp:paragraph --><\/p>\n<p><!-- \/wp:paragraph --><\/p>\n<p><!-- wp:paragraph --><\/p>\n<p><!-- \/wp:paragraph --><\/p>","protected":false},"excerpt":{"rendered":"<p>Nedan f\u00f6ljer en lista \u00f6ver bolag som tillhandah\u00e5ller teckenspr\u00e5kstolkar, d\u00f6vblindtolkar, skrivtolkar, TSS-tolkar och d\u00f6va tolkar i Stockholmsomr\u00e5det. AB Stockholmstolkarna STAB www.stockholmstolkarna.se info@stockholmstolkarna.se Tel. 08-658 39 00 SMS: 073- 912 29 28 Tolkmetoder: Teckenspr\u00e5kstolkning, d\u00f6vblindtolkning, skrivtolkning, TSS och d\u00f6va tolkar. AB Tolkforall www.tolkforall.se info@tolkforall.se Tel. 070- 394 00 25 SMS\/Facetime: 070-679 00 21 Tolkmetoder: Teckenspr\u00e5kstolkning, d\u00f6vblindtolkning, [&hellip;]<\/p>\n","protected":false},"author":1,"featured_media":0,"parent":0,"menu_order":0,"comment_status":"closed","ping_status":"closed","template":"","meta":{"footnotes":""},"class_list":["post-204","page","type-page","status-publish","hentry"],"_links":{"self":[{"href":"https:\/\/s\u00f6ktolk.nu\/index.php?rest_route=\/wp\/v2\/pages\/204","targetHints":{"allow":["GET"]}}],"collection":[{"href":"https:\/\/s\u00f6ktolk.nu\/index.php?rest_route=\/wp\/v2\/pages"}],"about":[{"href":"https:\/\/s\u00f6ktolk.nu\/index.php?rest_route=\/wp\/v2\/types\/page"}],"author":[{"embeddable":true,"href":"https:\/\/s\u00f6ktolk.nu\/index.php?rest_route=\/wp\/v2\/users\/1"}],"replies":[{"embeddable":true,"href":"https:\/\/s\u00f6ktolk.nu\/index.php?rest_route=%2Fwp%2Fv2%2Fcomments&post=204"}],"version-history":[{"count":60,"href":"https:\/\/s\u00f6ktolk.nu\/index.php?rest_route=\/wp\/v2\/pages\/204\/revisions"}],"predecessor-version":[{"id":301,"href":"https:\/\/s\u00f6ktolk.nu\/index.php?rest_route=\/wp\/v2\/pages\/204\/revisions\/301"}],"wp:attachment":[{"href":"https:\/\/s\u00f6ktolk.nu\/index.php?rest_route=%2Fwp%2Fv2%2Fmedia&parent=204"}],"curies":[{"name":"wp","href":"https:\/\/api.w.org\/{rel}","templated":true}]}}